{"id":247,"date":"2017-03-10T12:38:21","date_gmt":"2017-03-10T12:38:21","guid":{"rendered":"http:\/\/schlossblick-moehren.com\/?page_id=247"},"modified":"2017-03-10T12:38:21","modified_gmt":"2017-03-10T12:38:21","slug":"impressum","status":"publish","type":"page","link":"https:\/\/schlossblick-moehren.com\/?page_id=247","title":{"rendered":"Impressum"},"content":{"rendered":"<div id=\"fb-root\"><\/div>\n<p><strong>Angaben gem\u00e4\u00df \u00a7 5 TMG:<\/strong><br \/>\nVerantwortlich f\u00fcr Inhalt und Betrieb:<br \/>\nGasthaus Schlossblick<br \/>\nInh. Veronika Rensink<br \/>\nDorfplatz 9<br \/>\nD-91757 Treuchtlingen<\/p>\n<p><strong>Kontakt:<\/strong><br \/>\nTelefon +49 151 67 44 09 90<br \/>\nE-Mail: veronika.rensink@gmail.com<\/p>\n<p><strong>Unternehmensform:<\/strong><br \/>\nEinzelunternehmen<\/p>\n<p><strong>Umsatzsteuer-ID:<\/strong><br \/>\nUmsatzsteuer-Identifikationsnummer gem\u00e4\u00df \u00a727 a Umsatzsteuergesetz:<br \/>\nDE306628908<br \/>\n<strong>Verantwortlich f\u00fcr den Inhalt nach \u00a7 55 Abs. 2 RStV:<\/strong><br \/>\nGasthaus Schlossblick<br \/>\nInh. Veronika Rensink<br \/>\nDorfplatz 9<br \/>\nD-91757 Treuchtlingen<br \/>\n<strong>Externe Links:<\/strong><br \/>\nAlle Links auf externe Seiten wurden von uns bei Erstellung der Seite sorgf\u00e4ltig gepr\u00fcft. M\u00f6gliche Rechtsverst\u00f6\u00dfe waren zum Zeitpunkt der Verlinkung nicht erkennbar. Allerdings haben wir keinen Einfluss auf die Inhalte verlinkter Seiten, hierf\u00fcr ist der jeweilige Dienstanbieter verantwortlich. Sollten rechtswidrige Seiten \u00fcber die Hyperlinks abrufbar sein, bitten wir um eine Mitteilung an contact(at)bodyandsoap-studio.com<br \/>\nWir werden dies dann \u00fcberpr\u00fcfen und die Links ggf. entfernen.<\/p>\n","protected":false},"excerpt":{"rendered":"<p>Angaben gem\u00e4\u00df \u00a7 5 TMG: Verantwortlich f\u00fcr Inhalt und Betrieb: Gasthaus Schlossblick Inh. Veronika Rensink Dorfplatz 9 D-91757 Treuchtlingen Kontakt: Telefon +49 151 67 44 09 90 E-Mail: veronika.rensink@gmail.com Unternehmensform: Einzelunternehmen Umsatzsteuer-ID: Umsatzsteuer-Identifikationsnummer gem\u00e4\u00df \u00a727 a Umsatzsteuergesetz: DE306628908 Verantwortlich f\u00fcr den Inhalt nach \u00a7 55 Abs. 2 RStV: Gasthaus Schlossblick Inh. Veronika Rensink Dorfplatz 9 &hellip; <\/p>\n<p class=\"link-more\"><a href=\"https:\/\/schlossblick-moehren.com\/?page_id=247\" class=\"more-link\"><span class=\"screen-reader-text\">\u201eImpressum\u201c<\/span> weiterlesen<\/a><\/p>\n","protected":false},"author":1,"featured_media":0,"parent":0,"menu_order":0,"comment_status":"closed","ping_status":"closed","template":"","meta":[],"_links":{"self":[{"href":"https:\/\/schlossblick-moehren.com\/index.php?rest_route=\/wp\/v2\/pages\/247"}],"collection":[{"href":"https:\/\/schlossblick-moehren.com\/index.php?rest_route=\/wp\/v2\/pages"}],"about":[{"href":"https:\/\/schlossblick-moehren.com\/index.php?rest_route=\/wp\/v2\/types\/page"}],"author":[{"embeddable":true,"href":"https:\/\/schlossblick-moehren.com\/index.php?rest_route=\/wp\/v2\/users\/1"}],"replies":[{"embeddable":true,"href":"https:\/\/schlossblick-moehren.com\/index.php?rest_route=%2Fwp%2Fv2%2Fcomments&post=247"}],"version-history":[{"count":1,"href":"https:\/\/schlossblick-moehren.com\/index.php?rest_route=\/wp\/v2\/pages\/247\/revisions"}],"predecessor-version":[{"id":248,"href":"https:\/\/schlossblick-moehren.com\/index.php?rest_route=\/wp\/v2\/pages\/247\/revisions\/248"}],"wp:attachment":[{"href":"https:\/\/schlossblick-moehren.com\/index.php?rest_route=%2Fwp%2Fv2%2Fmedia&parent=247"}],"curies":[{"name":"wp","href":"https:\/\/api.w.org\/{rel}","templated":true}]}}