{"id":33,"date":"2017-02-27T22:03:40","date_gmt":"2017-02-27T22:03:40","guid":{"rendered":"http:\/\/schlossblick-moehren.com\/?page_id=33"},"modified":"2023-03-05T22:43:25","modified_gmt":"2023-03-05T22:43:25","slug":"fotos","status":"publish","type":"page","link":"https:\/\/schlossblick-moehren.com\/","title":{"rendered":"Home"},"content":{"rendered":"<div id=\"fb-root\"><\/div>\n<div id=\"pl-33\"  class=\"panel-layout\" ><div id=\"pg-33-0\"  class=\"panel-grid panel-no-style\" ><div id=\"pgc-33-0-0\"  class=\"panel-grid-cell panel-grid-cell-empty\" ><\/div><\/div><div id=\"pg-33-1\"  class=\"panel-grid panel-no-style\" ><div id=\"pgc-33-1-0\"  class=\"panel-grid-cell\" ><div id=\"panel-33-1-0-0\" class=\"so-panel widget widget_sow-image panel-first-child panel-last-child\" data-index=\"0\" ><div class=\"panel-widget-style panel-widget-style-for-33-1-0-0\" ><div\n\t\t\t\n\t\t\tclass=\"so-widget-sow-image so-widget-sow-image-default-4b231843ec72-33\"\n\t\t\t\n\t\t>\n\n<div class=\"sow-image-container\">\n\t\t<img src=\"https:\/\/schlossblick-moehren.com\/wp-content\/uploads\/2017\/02\/Schlossblick-Opening-web.jpg\" width=\"800\" height=\"600\" srcset=\"https:\/\/schlossblick-moehren.com\/wp-content\/uploads\/2017\/02\/Schlossblick-Opening-web.jpg 800w, https:\/\/schlossblick-moehren.com\/wp-content\/uploads\/2017\/02\/Schlossblick-Opening-web-300x225.jpg 300w, https:\/\/schlossblick-moehren.com\/wp-content\/uploads\/2017\/02\/Schlossblick-Opening-web-768x576.jpg 768w\" sizes=\"(max-width: 767px) 89vw, (max-width: 1000px) 54vw, (max-width: 1071px) 543px, 580px\" title=\"Biergarten\" alt=\"Biergartenfest in Moehren\" loading=\"lazy\" \t\tclass=\"so-widget-image\"\/>\n\t<\/div>\n\n<\/div><\/div><\/div><\/div><div id=\"pgc-33-1-1\"  class=\"panel-grid-cell\" ><div id=\"panel-33-1-1-0\" class=\"so-panel widget widget_sow-editor panel-first-child panel-last-child\" data-index=\"1\" ><div\n\t\t\t\n\t\t\tclass=\"so-widget-sow-editor so-widget-sow-editor-base\"\n\t\t\t\n\t\t>\n<div class=\"siteorigin-widget-tinymce textwidget\">\n\t<p>Vom 1. Mai bis 30. September ist Biergartensaison in M\u00f6hren.<br \/>\nWir freuen uns, dass wir wieder f\u00fcr Sie da sein k\u00f6nnen.<\/p>\n<p>&nbsp;<\/p>\n<\/div>\n<\/div><\/div><\/div><\/div><div id=\"pg-33-2\"  class=\"panel-grid panel-no-style\" ><div id=\"pgc-33-2-0\"  class=\"panel-grid-cell panel-grid-cell-empty\" ><\/div><\/div><\/div>","protected":false},"excerpt":{"rendered":"<p>Vom 1. Mai bis 30. September ist Biergartensaison in M\u00f6hren. Wir freuen uns, dass wir wieder f\u00fcr Sie da sein k\u00f6nnen. &nbsp;<\/p>\n","protected":false},"author":1,"featured_media":0,"parent":0,"menu_order":0,"comment_status":"closed","ping_status":"closed","template":"","meta":[],"_links":{"self":[{"href":"https:\/\/schlossblick-moehren.com\/index.php?rest_route=\/wp\/v2\/pages\/33"}],"collection":[{"href":"https:\/\/schlossblick-moehren.com\/index.php?rest_route=\/wp\/v2\/pages"}],"about":[{"href":"https:\/\/schlossblick-moehren.com\/index.php?rest_route=\/wp\/v2\/types\/page"}],"author":[{"embeddable":true,"href":"https:\/\/schlossblick-moehren.com\/index.php?rest_route=\/wp\/v2\/users\/1"}],"replies":[{"embeddable":true,"href":"https:\/\/schlossblick-moehren.com\/index.php?rest_route=%2Fwp%2Fv2%2Fcomments&post=33"}],"version-history":[{"count":21,"href":"https:\/\/schlossblick-moehren.com\/index.php?rest_route=\/wp\/v2\/pages\/33\/revisions"}],"predecessor-version":[{"id":314,"href":"https:\/\/schlossblick-moehren.com\/index.php?rest_route=\/wp\/v2\/pages\/33\/revisions\/314"}],"wp:attachment":[{"href":"https:\/\/schlossblick-moehren.com\/index.php?rest_route=%2Fwp%2Fv2%2Fmedia&parent=33"}],"curies":[{"name":"wp","href":"https:\/\/api.w.org\/{rel}","templated":true}]}}